{"id":26687,"date":"2026-01-18T12:31:50","date_gmt":"2026-01-18T11:31:50","guid":{"rendered":"https:\/\/lifeisbetteronracetracks.com\/?post_type=product&#038;p=26687"},"modified":"2026-01-18T12:50:30","modified_gmt":"2026-01-18T11:50:30","slug":"premium-geschenkverpackung-3d-rennstrecken","status":"publish","type":"product","link":"https:\/\/lifeisbetteronracetracks.com\/en\/product\/premium-geschenkverpackung-3d-rennstrecken\/","title":{"rendered":"Premium Geschenkverpackung f\u00fcr 3D Rennstrecken"},"content":{"rendered":"<h2><b> Premium Geschenkverpackung f\u00fcr 3D Rennstrecken mit Silberfolie veredelt und Schaumstoffeinlage<\/b><\/h2>\n<p class=\"p1\">Diese <span class=\"s1\"><b>Premium Geschenkverpackung<\/b><\/span> macht aus jeder 3D-Rennstrecke ein echtes Erlebnis. Mit ihrer klaren Formensprache, hochwertigen Materialien und der sorgf\u00e4ltigen Verarbeitung unterstreicht sie den Wert des Inhalts \u2013 noch bevor das Geschenk ge\u00f6ffnet wird.<\/p>\n<p class=\"p1\">Ob f\u00fcr besondere Anl\u00e4sse oder pers\u00f6nliche \u00dcberraschungen: Diese Geschenkverpackung f\u00fcr unsere 3D Rennstrecken steht f\u00fcr <span class=\"s1\"><b>Stil, Wertigkeit und Aufmerksamkeit f\u00fcrs Detail<\/b><\/span>. Die stabile Konstruktion sch\u00fctzt den Inhalt zuverl\u00e4ssig, w\u00e4hrend die edle Optik einen bleibenden Eindruck hinterl\u00e4sst.<\/p>\n<p class=\"p1\">Ideal geeignet f\u00fcr:<\/p>\n<ul>\n<li>\n<p class=\"p1\">3D Rennstrecken in A4 und A3<\/p>\n<\/li>\n<\/ul>\n<p class=\"p1\">Diese Verpackung ist mehr als nur eine H\u00fclle \u2013 sie ist Teil des Geschenks. Minimalistisch, elegant und zeitlos macht das Auspacken zu einem besonderen Moment.<\/p>\n<p class=\"p3\"><b>Kurz gesagt:<\/b><b><\/b><\/p>\n<p class=\"p1\">Wer etwas Besonderes verschenkt, sollte es auch besonders verpacken.<\/p>\n","protected":false},"excerpt":{"rendered":"<p>Diese <span class=\"s1\"><b>Premium Geschenkverpackung<\/b><\/span> macht aus jeder 3D-Rennstrecke ein echtes Erlebnis. Mit ihrer klaren Formensprache, hochwertigen Materialien und der sorgf\u00e4ltigen Verarbeitung unterstreicht sie den Wert des Inhalts \u2013 noch bevor das Geschenk ge\u00f6ffnet wird.<\/p>\n","protected":false},"featured_media":21172,"comment_status":"open","ping_status":"closed","template":"","meta":{"_acf_changed":false},"product_brand":[1322],"product_cat":[1383,1248,945],"product_tag":[1684,1689,1685,1687,1683,1686,1688],"class_list":{"0":"post-26687","1":"product","2":"type-product","3":"status-publish","4":"has-post-thumbnail","6":"product_brand-ap10","7":"product_cat-3d-racetracks","8":"product_cat-others","9":"product_cat-gifts","10":"product_tag-edle-geschenkbox","11":"product_tag-geschenkbox-elegant","12":"product_tag-geschenkbox-premium","13":"product_tag-geschenkverpackung-fuer-besondere-anlaesse","14":"product_tag-hochwertige-geschenkverpackung","15":"product_tag-luxurioese-geschenkverpackung","16":"product_tag-stilvolle-geschenkverpackung","18":"first","19":"instock","20":"taxable","21":"shipping-taxable","22":"purchasable","23":"product-type-variable","24":"has-default-attributes"},"acf":[],"_links":{"self":[{"href":"https:\/\/lifeisbetteronracetracks.com\/en\/wp-json\/wp\/v2\/product\/26687","targetHints":{"allow":["GET"]}}],"collection":[{"href":"https:\/\/lifeisbetteronracetracks.com\/en\/wp-json\/wp\/v2\/product"}],"about":[{"href":"https:\/\/lifeisbetteronracetracks.com\/en\/wp-json\/wp\/v2\/types\/product"}],"replies":[{"embeddable":true,"href":"https:\/\/lifeisbetteronracetracks.com\/en\/wp-json\/wp\/v2\/comments?post=26687"}],"wp:featuredmedia":[{"embeddable":true,"href":"https:\/\/lifeisbetteronracetracks.com\/en\/wp-json\/wp\/v2\/media\/21172"}],"wp:attachment":[{"href":"https:\/\/lifeisbetteronracetracks.com\/en\/wp-json\/wp\/v2\/media?parent=26687"}],"wp:term":[{"taxonomy":"product_brand","embeddable":true,"href":"https:\/\/lifeisbetteronracetracks.com\/en\/wp-json\/wp\/v2\/product_brand?post=26687"},{"taxonomy":"product_cat","embeddable":true,"href":"https:\/\/lifeisbetteronracetracks.com\/en\/wp-json\/wp\/v2\/product_cat?post=26687"},{"taxonomy":"product_tag","embeddable":true,"href":"https:\/\/lifeisbetteronracetracks.com\/en\/wp-json\/wp\/v2\/product_tag?post=26687"}],"curies":[{"name":"wp","href":"https:\/\/api.w.org\/{rel}","templated":true}]}}