{"id":26129,"date":"2025-12-05T17:11:27","date_gmt":"2025-12-05T16:11:27","guid":{"rendered":"https:\/\/lifeisbetteronracetracks.com\/?post_type=product&#038;p=26129"},"modified":"2026-04-15T12:37:55","modified_gmt":"2026-04-15T10:37:55","slug":"sieger-porsche-911-gt3-r-hoodie-90","status":"publish","type":"product","link":"https:\/\/lifeisbetteronracetracks.com\/en\/product\/sieger-porsche-911-gt3-r-hoodie-90\/","title":{"rendered":"Siegreicher Porsche 911 GT3 R Hoodie #90 | Victory Style"},"content":{"rendered":"<h2 class=\"p1\">Erlebe die Faszination des siegreichen Motorsport #90 \u2013 hautnah und tragbar.<\/h2>\n<p class=\"p1\">Wenn du beim Klang eines echten GT3-Motors automatisch G\u00e4nsehaut bekommst, dann ist dieser Hoodie genau dein Ding.<br \/>\nDer Porsche 911 GT3 R Hoodie tr\u00e4gt den siegreichen Porsche 911 GT3 R mit der Startnummer 90 stolz auf der Brust \u2013 und macht damit klar: Hier kommt jemand, der nicht nur \u00fcber Motorsport spricht, sondern ihn lebt.<\/p>\n<p class=\"p1\">Der hochwertige Frontprint l\u00e4sst den GT3 R wirken, als w\u00fcrde er im n\u00e4chsten Moment direkt aus dem Hoodie heraus auf die Rennstrecke schie\u00dfen. Der Stoff? Ein gem\u00fctlicher College-Hoodie aus schwerer Baumwolle, angenehm warm und bereit f\u00fcr Boxengassen, Trib\u00fcnen, Rennstrecken-Abenteuer \u2013 oder einfach f\u00fcr einen entspannten Abend auf der Couch. Und ja, f\u00fcr alle Racinghelden mit mehr PS im Herzen gibt es den Porsche 911 GT3 R Hoodie\u00a0auch in <span class=\"s1\"><b>gro\u00dfen Gr\u00f6\u00dfen<\/b><\/span>. Schlie\u00dflich braucht echter Stil Platz.<\/p>\n<p class=\"p1\">Dieser Hoodie ist dein Ticket zu mehr Asphalt, mehr Renngef\u00fchl und mehr Gespr\u00e4chen unter Gleichgesinnten. Egal ob Trackday, Grillabend mit der Crew oder Zoomcall mit Benzin im Blut: DerPorsche 911 GT3 R Hoodie bringt deinen Motorsport-Spirit immer in die siegreiche Pole-Position.<\/p>\n<p class=\"p1\">Also \u2013 worauf wartest du noch?<\/p>\n<p class=\"p3\"><b>Hol dir den Sieger im Porsche 911 GT3 R Hoodie bevor er ausverkauft ist und du im Style-Qualifying nur noch Startplatz 100 bekommst!<\/b><\/p>\n<p class=\"p3\"><b>Life is Better on Racetracks. Always. \ud83c\udfc1<\/b><\/p>\n","protected":false},"excerpt":{"rendered":"<p class=\"p1\">Der bekannte Hoodie mit dem siegreichen Porsche 911 GT3 R #90 Frontprint bietet Motorsport-Style, top Komfort und ist auch in gro\u00dfen Gr\u00f6\u00dfen erh\u00e4ltlich. Jetzt sichern!<\/p>\n","protected":false},"featured_media":26200,"comment_status":"open","ping_status":"closed","template":"","meta":{"_acf_changed":false},"product_brand":[1647],"product_cat":[1036,1742,985,1026],"product_tag":[1670,1664,1561,1607,1661,1444,1394,1564,1562,1610,1566,1599,1666,1650,1606,1668,1609,1662,1667,1631,1559,1565,1663,1669,1652,1665,1611],"class_list":{"0":"post-26129","1":"product","2":"type-product","3":"status-publish","4":"has-post-thumbnail","6":"product_brand-libort","7":"product_cat-herren-jacken-hoodies","8":"product_cat-gt-race-cars","9":"product_cat-motorsport","10":"product_cat-saison","11":"product_tag-1670","12":"product_tag-gt3-fanshirt","13":"product_tag-gt3-fanwear","14":"product_tag-gt3-r","15":"product_tag-gt3-r-hoodie","16":"product_tag-hoodie-mit-porsche-motiv","17":"product_tag-hoodie-mit-rennwagen-motiv","18":"product_tag-life-is-better-on-racetracks","19":"product_tag-motorsport-bekleidung","20":"product_tag-motorsport-fashion","21":"product_tag-motorsport-geschenk","22":"product_tag-motorsport-hoodie","23":"product_tag-motorsport-mode","24":"product_tag-porsche-911-gt3-r","25":"product_tag-porsche-hoodie","26":"product_tag-porsche-merch","27":"product_tag-porsche-motorsport","28":"product_tag-porsche-racing","29":"product_tag-racing-apparel","30":"product_tag-racing-hoodie","31":"product_tag-racing-lifestyle","32":"product_tag-racing-outfit","33":"product_tag-rennsport-kleidung","34":"product_tag-sieger-2025","35":"product_tag-startnummer-90","36":"product_tag-trackday-hoodie","37":"product_tag-trackday-wear","38":"pa_farbe-black","39":"pa_farbe-hawaiian-blue","40":"pa_farbe-kelly-green","41":"pa_farbe-orange","42":"pa_farbe-red","43":"pa_farbe-sapphire-blue","44":"pa_farbe-white","45":"pa_groesse-2xl","46":"pa_groesse-3xl","47":"pa_groesse-4xl","48":"pa_groesse-5xl","49":"pa_groesse-l","50":"pa_groesse-m","51":"pa_groesse-s","52":"pa_groesse-xl","54":"first","55":"instock","56":"taxable","57":"shipping-taxable","58":"purchasable","59":"product-type-variable","60":"has-default-attributes"},"acf":[],"_links":{"self":[{"href":"https:\/\/lifeisbetteronracetracks.com\/en\/wp-json\/wp\/v2\/product\/26129","targetHints":{"allow":["GET"]}}],"collection":[{"href":"https:\/\/lifeisbetteronracetracks.com\/en\/wp-json\/wp\/v2\/product"}],"about":[{"href":"https:\/\/lifeisbetteronracetracks.com\/en\/wp-json\/wp\/v2\/types\/product"}],"replies":[{"embeddable":true,"href":"https:\/\/lifeisbetteronracetracks.com\/en\/wp-json\/wp\/v2\/comments?post=26129"}],"wp:featuredmedia":[{"embeddable":true,"href":"https:\/\/lifeisbetteronracetracks.com\/en\/wp-json\/wp\/v2\/media\/26200"}],"wp:attachment":[{"href":"https:\/\/lifeisbetteronracetracks.com\/en\/wp-json\/wp\/v2\/media?parent=26129"}],"wp:term":[{"taxonomy":"product_brand","embeddable":true,"href":"https:\/\/lifeisbetteronracetracks.com\/en\/wp-json\/wp\/v2\/product_brand?post=26129"},{"taxonomy":"product_cat","embeddable":true,"href":"https:\/\/lifeisbetteronracetracks.com\/en\/wp-json\/wp\/v2\/product_cat?post=26129"},{"taxonomy":"product_tag","embeddable":true,"href":"https:\/\/lifeisbetteronracetracks.com\/en\/wp-json\/wp\/v2\/product_tag?post=26129"}],"curies":[{"name":"wp","href":"https:\/\/api.w.org\/{rel}","templated":true}]}}