{"id":26022,"date":"2025-11-18T18:52:13","date_gmt":"2025-11-18T17:52:13","guid":{"rendered":"https:\/\/lifeisbetteronracetracks.com\/?post_type=product&#038;p=26022"},"modified":"2026-04-08T13:38:33","modified_gmt":"2026-04-08T11:38:33","slug":"lamborghini-huracan-gt3-evo2-hoodie-1-2025","status":"publish","type":"product","link":"https:\/\/lifeisbetteronracetracks.com\/en\/product\/lamborghini-huracan-gt3-evo2-hoodie-1-2025\/","title":{"rendered":"Lamborghini Hurac\u00e1n GT3 Evo2 Hoodie #1 | Motorsport Racingwear"},"content":{"rendered":"<h2 class=\"p1\">Lamborghini Hurac\u00e1n GT3 Evo2 Hoodie #1 | Motorsport Racingwear<\/h2>\n<p class=\"p1\"><span class=\"s1\">Der Lamborghini Hurac\u00e1n GT3 Evo2 Hoodie <\/span>\u00a0\u2013 #1<span class=\"s1\"> ist kein Hoodie.<\/span><\/p>\n<p class=\"p2\">Er ist ein tragbares Statement, ein br\u00fcllender Stier im Baumwollpelz, die textile Version eines kalten V10-Starts morgens um 6 Uhr.<\/p>\n<p class=\"p2\">Du ziehst ihn an \u2013 und pl\u00f6tzlich wirkt selbst dein Wohnzimmer wie die Startaufstellung von Monza.<\/p>\n<p class=\"p2\">Der hochwertige College-Hoodie liefert die perfekte Mischung aus Komfort, Power und Stil. Die weiche Innenseite f\u00fchlt sich an wie die perfekte Ideallinie, die Kapuze liegt so gut wie ein Pirelli-Slick im Zwei-Stopp-Strategiefenster, und der stabile Stoff h\u00e4lt w\u00e4rmer als ein frisch abgeflammter Satz Keramikbremsen.<\/p>\n<p class=\"p2\">Der Frontprint des Lamborghini Hurac\u00e1n GT3 Evo2 Hoodies mit der Startnummer 1 ist so scharf, dass du damit problemlos einen Pitstop einfordern k\u00f6nntest.<\/p>\n<p class=\"p1\"><span class=\"s1\">Eine klare Botschaft: <\/span><b>Du geh\u00f6rst zu den ganz Schnellen.<\/b><b><\/b><\/p>\n<p class=\"p2\">Und das Beste daran:<\/p>\n<p class=\"p2\">Diesen Hoodie gibt es nat\u00fcrlich auch in <span class=\"s2\"><b>auch in gro\u00dfen Gr\u00f6\u00dfen<\/b><\/span>.<\/p>\n<p class=\"p2\">Egal ob du die Statur eines GT3-Piloten hast oder eher die eines Teamchefs nach dem zehnten Boxen-Donut \u2013 Raging Bull passt. Komfortabel, robust und absolut rennstreckentauglich.<\/p>\n<p class=\"p2\">Perfekt f\u00fcr Trackdays, Samstags-Qualifyings, Nachtschraubersessions oder f\u00fcrs subtile Angeben auf Familienfeiern (\u201eNein Oma, das ist kein Stier\u2026 das ist <i>DER<\/i> Stier.\u201c).<\/p>\n<p class=\"p2\">Jeder Zentimeter Hoodie schreit: Lambo-Power. Jede Naht ist Hochgeschwindigkeit.<\/p>\n<p class=\"p2\">Du willst nicht einfach Fan sein \u2013 du willst Lamborghini Hurac\u00e1n GT3 Evo2 Hoodie\u00a0<i>#1<\/i> tragen.<\/p>\n<p class=\"p2\">Und jeder soll es sehen.<\/p>\n<p class=\"p2\">Also\u2026 worauf wartest du?<\/p>\n<p class=\"p1\"><b>Hol dir den Lamborghini Hurac\u00e1n GT3 Evo2 Hoodie , bevor er wieder Vollgas gibt und aus deinem Warenkorb fl\u00fcchtet! \ud83c\udfc1\ud83d\udc02\ud83d\udd25<\/b><\/p>\n","protected":false},"excerpt":{"rendered":"<p>Der spektakul\u00e4re Lamborghini Hurac\u00e1n GT3 Evo2 Hoodie #1 vereint Racing-Style, Komfort und Lambo-Power. Auch in gro\u00dfen Gr\u00f6\u00dfen \u2013 perfekt f\u00fcr GT3-Fans!<\/p>\n","protected":false},"featured_media":25484,"comment_status":"open","ping_status":"closed","template":"","meta":{"_acf_changed":false},"product_brand":[1647],"product_cat":[1036,985,1026],"product_tag":[1632,1561,1638,1614,1394,1629,1640,1642,1628,1564,1562,1610,1566,1599,1631,1559,1565,1634,1633,1611],"class_list":{"0":"post-26022","1":"product","2":"type-product","3":"status-publish","4":"has-post-thumbnail","6":"product_brand-libort","7":"product_cat-herren-jacken-hoodies","8":"product_cat-motorsport","9":"product_cat-saison","10":"product_tag-gt3-fanartikel","11":"product_tag-gt3-fanwear","12":"product_tag-gt3-hoodie","13":"product_tag-gt3-racing","14":"product_tag-hoodie-mit-rennwagen-motiv","15":"product_tag-huracan-gt3","16":"product_tag-huracan-gt3-evo2","17":"product_tag-lambo-1","18":"product_tag-lamborghini-hoodie","19":"product_tag-life-is-better-on-racetracks","20":"product_tag-motorsport-bekleidung","21":"product_tag-motorsport-fashion","22":"product_tag-motorsport-geschenk","23":"product_tag-motorsport-hoodie","24":"product_tag-racing-hoodie","25":"product_tag-racing-lifestyle","26":"product_tag-racing-outfit","27":"product_tag-rennsport-hoodie","28":"product_tag-trackday-kleidung","29":"product_tag-trackday-wear","30":"pa_farbe-black","31":"pa_farbe-hawaiian-blue","32":"pa_farbe-kelly-green","33":"pa_farbe-orange","34":"pa_farbe-red","35":"pa_farbe-sapphire-blue","36":"pa_farbe-white","37":"pa_groesse-2xl","38":"pa_groesse-3xl","39":"pa_groesse-4xl","40":"pa_groesse-5xl","41":"pa_groesse-l","42":"pa_groesse-m","43":"pa_groesse-s","44":"pa_groesse-xl","46":"first","47":"instock","48":"taxable","49":"shipping-taxable","50":"purchasable","51":"product-type-variable","52":"has-default-attributes"},"acf":[],"_links":{"self":[{"href":"https:\/\/lifeisbetteronracetracks.com\/en\/wp-json\/wp\/v2\/product\/26022","targetHints":{"allow":["GET"]}}],"collection":[{"href":"https:\/\/lifeisbetteronracetracks.com\/en\/wp-json\/wp\/v2\/product"}],"about":[{"href":"https:\/\/lifeisbetteronracetracks.com\/en\/wp-json\/wp\/v2\/types\/product"}],"replies":[{"embeddable":true,"href":"https:\/\/lifeisbetteronracetracks.com\/en\/wp-json\/wp\/v2\/comments?post=26022"}],"wp:featuredmedia":[{"embeddable":true,"href":"https:\/\/lifeisbetteronracetracks.com\/en\/wp-json\/wp\/v2\/media\/25484"}],"wp:attachment":[{"href":"https:\/\/lifeisbetteronracetracks.com\/en\/wp-json\/wp\/v2\/media?parent=26022"}],"wp:term":[{"taxonomy":"product_brand","embeddable":true,"href":"https:\/\/lifeisbetteronracetracks.com\/en\/wp-json\/wp\/v2\/product_brand?post=26022"},{"taxonomy":"product_cat","embeddable":true,"href":"https:\/\/lifeisbetteronracetracks.com\/en\/wp-json\/wp\/v2\/product_cat?post=26022"},{"taxonomy":"product_tag","embeddable":true,"href":"https:\/\/lifeisbetteronracetracks.com\/en\/wp-json\/wp\/v2\/product_tag?post=26022"}],"curies":[{"name":"wp","href":"https:\/\/api.w.org\/{rel}","templated":true}]}}