{"id":24441,"date":"2025-10-01T18:08:53","date_gmt":"2025-10-01T16:08:53","guid":{"rendered":"https:\/\/lifeisbetteronracetracks.com\/?post_type=product&#038;p=24441"},"modified":"2026-04-15T12:35:53","modified_gmt":"2026-04-15T10:35:53","slug":"mercedes-amg-gt3-mamba-hoodie-kids-teens-filter-48","status":"publish","type":"product","link":"https:\/\/lifeisbetteronracetracks.com\/en\/product\/mercedes-amg-gt3-mamba-hoodie-kids-teens-filter-48\/","title":{"rendered":"Mercedes AMG GT3 Mamba Hoodie f\u00fcr Kids &#038; Teens #48"},"content":{"rendered":"<h3>Mercedes AMG GT3 Mamba Hoodie f\u00fcr Kids &amp; Teens #48<\/h3>\n<p class=\"p1\">Dieser Hoodie ist ein echtes Statement f\u00fcr junge Racing-Fans, die Motorsport nicht nur erleben, sondern tragen wollen. Auf der Brust strahlt ein fotorealistischer, speziell designter Aufdruck des legend\u00e4ren Mercedes-AMG GT3 \u201eMamba\u201c mit der Startnummer #48 \u2013 ein Rennwagen, der durch sein ikonisches Schlangen-Design und seine kompromisslose Performance zur Kultfigur geworden ist. Damit wird dieser Hoodie zu einem einzigartigen Must-have, das die Faszination einer Motorsport-Ikone in den Alltag bringt.<\/p>\n<p class=\"p1\">Sein Komfort steht der Optik in nichts nach: Die bequeme, europ\u00e4ische Passform sorgt f\u00fcr Bewegungsfreiheit, w\u00e4hrend die doppellagige Kapuze ohne Kordelz\u00fcge sportlich und sicher zugleich wirkt. Zwillingsnadelstich-Details geben dem Hoodie Stabilit\u00e4t, die K\u00e4ngurutasche ist praktisch und stylisch zugleich, und gerippte \u00c4rmelabschl\u00fcsse sowie Saum garantieren einen sportlichen Sitz. Innen sorgt das geb\u00fcrstete Vlies f\u00fcr Gem\u00fctlichkeit pur, w\u00e4hrend das 100 % Baumwoll-Obermaterial Atmungsaktivit\u00e4t und Langlebigkeit vereint.<\/p>\n<p class=\"p1\">Dieser Mercedes-AMG GT3 Mamba Hoodie ist einzigartig, weil er Motorsport-DNA, Design-Ikone und ultimativen Tragekomfort zusammenbringt. Ein Hoodie, der genau wie die \u201eMamba\u201c selbst heraussticht \u2013 mutig, auff\u00e4llig und unverkennbar.<\/p>\n<p class=\"p1\">Also, schnapp dir deine eigene Mamba \u2013 bevor sie schneller vom Shop verschwindet, als ein GT3 den Asphalt verschlingt! \ud83c\udfc1\ud83d\udc0d<\/p>\n","protected":false},"excerpt":{"rendered":"<p class=\"p1\">Mercedes-AMG GT3 Mamba Hoodie Kids &amp; Teens #48<\/p>\n<p class=\"p1\">Stylisher Hoodie f\u00fcr Kids &amp; Teens mit Mercedes-AMG GT3 \u201eMamba\u201c #48 Design, bequem, robust &amp; Racing pur! \ud83c\udfc1<\/p>\n","protected":false},"featured_media":23902,"comment_status":"open","ping_status":"closed","template":"","meta":{"_acf_changed":false},"product_brand":[1647],"product_cat":[1033,1742,985,1026],"product_tag":[1434,1432,1439,1435,1410,1440,1433,1394,1391,1430,1431,1437,1438,1389,1395,1403,1390,1392],"class_list":{"0":"post-24441","1":"product","2":"type-product","3":"status-publish","4":"has-post-thumbnail","6":"product_brand-libort","7":"product_cat-kids-jacken-hoodies","8":"product_cat-gt-race-cars","9":"product_cat-motorsport","10":"product_cat-saison","11":"product_tag-amg-fanartikel-kinder","12":"product_tag-amg-gt3-hoodie-kids","13":"product_tag-amg-gt3-mamba-hoodie-kids","14":"product_tag-amg-pullover-gt3","15":"product_tag-gt3-hoodie-kids","16":"product_tag-hoodie-mit-amg-mamba-motiv","17":"product_tag-hoodie-mit-mercedes-motiv","18":"product_tag-hoodie-mit-rennwagen-motiv","19":"product_tag-kapuzenpullover-motorsport-kinder","20":"product_tag-mercedes-amg-hoodie-kinder","21":"product_tag-mercedes-amg-hoodie-teens","22":"product_tag-mercedes-amg-mamba-hoodie-kinder","23":"product_tag-mercedes-amg-mamba-hoodie-teens","24":"product_tag-motorsport-hoodie-kids","25":"product_tag-motorsport-kleidung-kinder-teens","26":"product_tag-racing-fashion-hoodie-teens","27":"product_tag-racing-hoodie-teenager","28":"product_tag-rennsport-hoodie-jungen-maedchen","29":"pa_farbe-black","30":"pa_farbe-fire-red","31":"pa_farbe-hawaiian-blue","32":"pa_farbe-lemon","33":"pa_farbe-lime","34":"pa_farbe-orange","35":"pa_farbe-sapphire-blue","36":"pa_groesse-kids-l-9-11j","37":"pa_groesse-kids-m-7-8j","38":"pa_groesse-kids-s-5-6j","39":"pa_groesse-kids-xl-12-13j","40":"pa_groesse-kids-xs-3-4j","41":"pa_groesse-kids-xxs-1-2j","43":"first","44":"instock","45":"taxable","46":"shipping-taxable","47":"purchasable","48":"product-type-variable","49":"has-default-attributes"},"acf":[],"_links":{"self":[{"href":"https:\/\/lifeisbetteronracetracks.com\/en\/wp-json\/wp\/v2\/product\/24441","targetHints":{"allow":["GET"]}}],"collection":[{"href":"https:\/\/lifeisbetteronracetracks.com\/en\/wp-json\/wp\/v2\/product"}],"about":[{"href":"https:\/\/lifeisbetteronracetracks.com\/en\/wp-json\/wp\/v2\/types\/product"}],"replies":[{"embeddable":true,"href":"https:\/\/lifeisbetteronracetracks.com\/en\/wp-json\/wp\/v2\/comments?post=24441"}],"wp:featuredmedia":[{"embeddable":true,"href":"https:\/\/lifeisbetteronracetracks.com\/en\/wp-json\/wp\/v2\/media\/23902"}],"wp:attachment":[{"href":"https:\/\/lifeisbetteronracetracks.com\/en\/wp-json\/wp\/v2\/media?parent=24441"}],"wp:term":[{"taxonomy":"product_brand","embeddable":true,"href":"https:\/\/lifeisbetteronracetracks.com\/en\/wp-json\/wp\/v2\/product_brand?post=24441"},{"taxonomy":"product_cat","embeddable":true,"href":"https:\/\/lifeisbetteronracetracks.com\/en\/wp-json\/wp\/v2\/product_cat?post=24441"},{"taxonomy":"product_tag","embeddable":true,"href":"https:\/\/lifeisbetteronracetracks.com\/en\/wp-json\/wp\/v2\/product_tag?post=24441"}],"curies":[{"name":"wp","href":"https:\/\/api.w.org\/{rel}","templated":true}]}}